{"id":374,"date":"2024-07-17T07:44:35","date_gmt":"2024-07-17T07:44:35","guid":{"rendered":"https:\/\/spanishbusinesscoach.com\/aviso-legal\/"},"modified":"2024-09-05T06:35:17","modified_gmt":"2024-09-05T06:35:17","slug":"aviso-legal","status":"publish","type":"page","link":"https:\/\/spanishbusinesscoach.com\/en\/aviso-legal\/","title":{"rendered":"Aviso Legal"},"content":{"rendered":"\t\t<div data-elementor-type=\"wp-page\" data-elementor-id=\"374\" class=\"elementor elementor-374 elementor-28\" data-elementor-post-type=\"page\">\n\t\t\t\t<div class=\"elementor-element elementor-element-59c3c00 e-flex e-con-boxed e-con e-parent\" data-id=\"59c3c00\" data-element_type=\"container\">\n\t\t\t\t\t<div class=\"e-con-inner\">\n\t\t\t\t<div class=\"elementor-element elementor-element-98cf934 elementor-widget elementor-widget-heading\" data-id=\"98cf934\" data-element_type=\"widget\" data-widget_type=\"heading.default\">\n\t\t\t\t<div class=\"elementor-widget-container\">\n\t\t\t\t\t<h2 class=\"elementor-heading-title elementor-size-default\">Aviso Legal<\/h2>\t\t\t\t<\/div>\n\t\t\t\t<\/div>\n\t\t\t\t<div class=\"elementor-element elementor-element-362429e elementor-widget elementor-widget-text-editor\" data-id=\"362429e\" data-element_type=\"widget\" data-widget_type=\"text-editor.default\">\n\t\t\t\t<div class=\"elementor-widget-container\">\n\t\t\t\t\t\t\t\t\t<p><strong>Identificaci\u00f3n y raz\u00f3n social de la empresa<\/strong><\/p>\n<p>ISABEL RODR\u00cdGUEZ CASTRO, es el titular de la presente la p\u00e1gina web www.spanishbusinesscoach.com. Para cualquier consulta, sugerencia o reclamaci\u00f3n el usuario de esta p\u00e1gina Web puede dirigirse a la direcci\u00f3n de correo electr\u00f3nico info@spanishbusinescoach.com. <\/p>\n<\/p>\n<p><strong>Condiciones de acceso del usuario<\/strong><\/p>\n<p>El usuario se obliga a usar la informaci\u00f3n contenida en el presente sitio de Internet para las finalidades propias del Portal exclusivamente, en concreto para la finalidad de obtenci\u00f3n de informaci\u00f3n sobre los servicios y a no realizar directa o indirectamente ning\u00fan tipo de explotaci\u00f3n comercial diferente a los usos autorizados. El usuario de la p\u00e1gina Web tendr\u00e1 derecho al acceso libre y gratuito a la informaci\u00f3n p\u00fablica recogida en la misma, si bien ISABEL RODR\u00cdGUEZ CASTRO se reserva el derecho a restringir el acceso a determinadas secciones y servicios del Portal a sus clientes registrados. <\/p>\n<\/p>\n<p><strong>Propiedad intelectual e industrial<\/strong><\/p>\n<p>Los derechos relativos a la propiedad industrial e intelectual (a t\u00edtulo enunciativo y no limitativo las marcas, logotipos, textos, fotograf\u00edas, iconos, im\u00e1genes, etc., as\u00ed como el dise\u00f1o gr\u00e1fico, c\u00f3digo fuente y dem\u00e1s elementos de software contenidos en la presente p\u00e1gina Web), son propiedad de ISABEL RODR\u00cdGUEZ CASTRO o de las dem\u00e1s entidades que puedan ofrecer informaci\u00f3n a trav\u00e9s del Portal. Por tanto, est\u00e1n sujetos a derechos de propiedad intelectual e industrial protegidos por la legislaci\u00f3n espa\u00f1ola e internacional. <\/p>\n<\/p>\n<p>Sin la previa autorizaci\u00f3n escrita de forma fehaciente de ISABEL RODR\u00cdGUEZ CASTRO o, en su caso, de la entidad titular de los derechos, no est\u00e1 permitido utilizar, reproducir, transmitir, manipular, as\u00ed como cualquier uso que exceda de la utilizaci\u00f3n necesaria para la visita de la p\u00e1gina y el uso de los servicios ofrecidos.<\/p>\n<\/p>\n<p>El acceso a los servicios suministrados no supone por parte de ISABEL RODR\u00cdGUEZ CASTRO, ni por parte del respectivo titular, renuncia, transmisi\u00f3n, ni cesi\u00f3n total o parcial de los derechos derivados de la propiedad intelectual e industrial, ni atribuye derechos de utilizaci\u00f3n, alteraci\u00f3n, explotaci\u00f3n, reproducci\u00f3n, distribuci\u00f3n o comunicaci\u00f3n p\u00fablica sobre estos contenidos sin la previa y expresa autorizaci\u00f3n por escrito de los respectivos titulares de dichos derechos, sin perjuicio del derecho de visualizaci\u00f3n y obtenci\u00f3n de copia privada de seguridad de tales contenidos, siempre que dicho derecho se ejercite seg\u00fan los principios de buena fe y siempre que se mantenga inalterada la propiedad intelectual e industrial del titular de tales derechos, se utilice sin fines comerciales y exclusivamente para informaci\u00f3n personal del usuario. La responsabilidad derivada del uso de materiales protegidos por los derechos de propiedad intelectual e industrial contenidos en esta p\u00e1gina corresponder\u00e1 exclusivamente al usuario. <\/p>\n<\/p>\n<p><strong>Objeto del portal<\/strong><\/p>\n<p>La presente p\u00e1gina ha sido dise\u00f1ada por ISABEL RODR\u00cdGUEZ CASTRO para facilitar informaci\u00f3n sobre los servicios y otras actividades de la empresa. La p\u00e1gina Web dispone de unos datos de contacto y formularios a trav\u00e9s de los cuales los usuarios pueden dirigirse a la empresa para las finalidades previstas en cada caso, seg\u00fan la regulaci\u00f3n de las cl\u00e1usulas del Portal. ISABEL RODR\u00cdGUEZ CASTRO se reserva el derecho a realizar cuantas modificaciones y actualizaciones crea conveniente sobre la p\u00e1gina Web.  <\/p>\n<\/p>\n<p><strong>Exoneraci\u00f3n de responsabilidad<\/strong><\/p>\n<p>ISABEL RODR\u00cdGUEZ CASTRO no responder\u00e1 por las interrupciones que puedan producirse en los servicios el\u00e9ctricos o de telecomunicaciones que impidan a los usuarios utilizar los servicios ofrecidos. Asimismo, ISABEL RODR\u00cdGUEZ CASTRO no responder\u00e1 de las p\u00e1ginas Web a las que pueda remitir a trav\u00e9s de enlaces o links, banners u otros dispositivos, ni de los contenidos que estas pudieran incluir en sus portales. <\/p>\n<\/p>\n<p><strong>Legislaci\u00f3n aplicable<\/strong><\/p>\n<p>Las presentes Condiciones Generales se rigen por la ley espa\u00f1ola y cualquier controversia se someter\u00e1 a los Juzgados y Tribunales de la ciudad de Barcelona.<\/p>\n<\/p>\n<p>En caso de cualquier duda o consulta, puede ponerse en contacto con nosotros enviando un e-mail a info@spanishbusinesscoach.com.<\/p>\n\t\t\t\t\t\t\t\t<\/div>\n\t\t\t\t<\/div>\n\t\t\t\t\t<\/div>\n\t\t\t\t<\/div>\n\t\t\t\t<\/div>\n\t\t","protected":false},"excerpt":{"rendered":"<p>Aviso Legal Identificaci\u00f3n y raz\u00f3n social de la empresa ISABEL RODR\u00cdGUEZ CASTRO, es el titular de la presente la p\u00e1gina web www.spanishbusinesscoach.com. Para cualquier consulta, sugerencia o reclamaci\u00f3n el usuario de esta p\u00e1gina Web puede dirigirse a la direcci\u00f3n de correo electr\u00f3nico info@spanishbusinescoach.com. Condiciones de acceso del usuario El usuario se obliga a usar la [&hellip;]<\/p>\n","protected":false},"author":1,"featured_media":0,"parent":0,"menu_order":0,"comment_status":"closed","ping_status":"closed","template":"elementor_header_footer","meta":{"_monsterinsights_skip_tracking":false,"_monsterinsights_sitenote_active":false,"_monsterinsights_sitenote_note":"","_monsterinsights_sitenote_category":0,"_uf_show_specific_survey":0,"_uf_disable_surveys":false,"footnotes":""},"class_list":["post-374","page","type-page","status-publish","hentry"],"yoast_head":"<!-- This site is optimized with the Yoast SEO plugin v25.7 - https:\/\/yoast.com\/wordpress\/plugins\/seo\/ -->\n<title>Aviso Legal - Spanishbusinesscoach<\/title>\n<meta name=\"robots\" content=\"index, follow, max-snippet:-1, max-image-preview:large, max-video-preview:-1\" \/>\n<link rel=\"canonical\" href=\"https:\/\/spanishbusinesscoach.com\/en\/aviso-legal\/\" \/>\n<meta property=\"og:locale\" content=\"en_US\" \/>\n<meta property=\"og:type\" content=\"article\" \/>\n<meta property=\"og:title\" content=\"Aviso Legal - Spanishbusinesscoach\" \/>\n<meta property=\"og:description\" content=\"Aviso Legal Identificaci\u00f3n y raz\u00f3n social de la empresa ISABEL RODR\u00cdGUEZ CASTRO, es el titular de la presente la p\u00e1gina web www.spanishbusinesscoach.com. Para cualquier consulta, sugerencia o reclamaci\u00f3n el usuario de esta p\u00e1gina Web puede dirigirse a la direcci\u00f3n de correo electr\u00f3nico info@spanishbusinescoach.com. Condiciones de acceso del usuario El usuario se obliga a usar la [&hellip;]\" \/>\n<meta property=\"og:url\" content=\"https:\/\/spanishbusinesscoach.com\/en\/aviso-legal\/\" \/>\n<meta property=\"og:site_name\" content=\"Spanishbusinesscoach\" \/>\n<meta property=\"article:modified_time\" content=\"2024-09-05T06:35:17+00:00\" \/>\n<meta name=\"twitter:card\" content=\"summary_large_image\" \/>\n<meta name=\"twitter:label1\" content=\"Est. reading time\" \/>\n\t<meta name=\"twitter:data1\" content=\"3 minutes\" \/>\n<script type=\"application\/ld+json\" class=\"yoast-schema-graph\">{\"@context\":\"https:\/\/schema.org\",\"@graph\":[{\"@type\":\"WebPage\",\"@id\":\"https:\/\/spanishbusinesscoach.com\/en\/aviso-legal\/\",\"url\":\"https:\/\/spanishbusinesscoach.com\/en\/aviso-legal\/\",\"name\":\"Aviso Legal - Spanishbusinesscoach\",\"isPartOf\":{\"@id\":\"https:\/\/spanishbusinesscoach.com\/en\/#website\"},\"datePublished\":\"2024-07-17T07:44:35+00:00\",\"dateModified\":\"2024-09-05T06:35:17+00:00\",\"breadcrumb\":{\"@id\":\"https:\/\/spanishbusinesscoach.com\/en\/aviso-legal\/#breadcrumb\"},\"inLanguage\":\"en-US\",\"potentialAction\":[{\"@type\":\"ReadAction\",\"target\":[\"https:\/\/spanishbusinesscoach.com\/en\/aviso-legal\/\"]}]},{\"@type\":\"BreadcrumbList\",\"@id\":\"https:\/\/spanishbusinesscoach.com\/en\/aviso-legal\/#breadcrumb\",\"itemListElement\":[{\"@type\":\"ListItem\",\"position\":1,\"name\":\"Portada\",\"item\":\"https:\/\/spanishbusinesscoach.com\/en\/\"},{\"@type\":\"ListItem\",\"position\":2,\"name\":\"Aviso Legal\"}]},{\"@type\":\"WebSite\",\"@id\":\"https:\/\/spanishbusinesscoach.com\/en\/#website\",\"url\":\"https:\/\/spanishbusinesscoach.com\/en\/\",\"name\":\"Spanishbusinesscoach\",\"description\":\"Spanishbusinesscoach\",\"publisher\":{\"@id\":\"https:\/\/spanishbusinesscoach.com\/en\/#\/schema\/person\/0a47ea10ec6ac1a282d02eaeedff3c82\"},\"potentialAction\":[{\"@type\":\"SearchAction\",\"target\":{\"@type\":\"EntryPoint\",\"urlTemplate\":\"https:\/\/spanishbusinesscoach.com\/en\/?s={search_term_string}\"},\"query-input\":{\"@type\":\"PropertyValueSpecification\",\"valueRequired\":true,\"valueName\":\"search_term_string\"}}],\"inLanguage\":\"en-US\"},{\"@type\":[\"Person\",\"Organization\"],\"@id\":\"https:\/\/spanishbusinesscoach.com\/en\/#\/schema\/person\/0a47ea10ec6ac1a282d02eaeedff3c82\",\"name\":\"Isabel Rodriguez\",\"image\":{\"@type\":\"ImageObject\",\"inLanguage\":\"en-US\",\"@id\":\"https:\/\/spanishbusinesscoach.com\/en\/#\/schema\/person\/image\/\",\"url\":\"https:\/\/spanishbusinesscoach.com\/wp-content\/uploads\/2024\/09\/LOGO-WEB-HEADER-1.png\",\"contentUrl\":\"https:\/\/spanishbusinesscoach.com\/wp-content\/uploads\/2024\/09\/LOGO-WEB-HEADER-1.png\",\"width\":1587,\"height\":842,\"caption\":\"Isabel Rodriguez\"},\"logo\":{\"@id\":\"https:\/\/spanishbusinesscoach.com\/en\/#\/schema\/person\/image\/\"}}]}<\/script>\n<!-- \/ Yoast SEO plugin. -->","yoast_head_json":{"title":"Aviso Legal - Spanishbusinesscoach","robots":{"index":"index","follow":"follow","max-snippet":"max-snippet:-1","max-image-preview":"max-image-preview:large","max-video-preview":"max-video-preview:-1"},"canonical":"https:\/\/spanishbusinesscoach.com\/en\/aviso-legal\/","og_locale":"en_US","og_type":"article","og_title":"Aviso Legal - Spanishbusinesscoach","og_description":"Aviso Legal Identificaci\u00f3n y raz\u00f3n social de la empresa ISABEL RODR\u00cdGUEZ CASTRO, es el titular de la presente la p\u00e1gina web www.spanishbusinesscoach.com. Para cualquier consulta, sugerencia o reclamaci\u00f3n el usuario de esta p\u00e1gina Web puede dirigirse a la direcci\u00f3n de correo electr\u00f3nico info@spanishbusinescoach.com. Condiciones de acceso del usuario El usuario se obliga a usar la [&hellip;]","og_url":"https:\/\/spanishbusinesscoach.com\/en\/aviso-legal\/","og_site_name":"Spanishbusinesscoach","article_modified_time":"2024-09-05T06:35:17+00:00","twitter_card":"summary_large_image","twitter_misc":{"Est. reading time":"3 minutes"},"schema":{"@context":"https:\/\/schema.org","@graph":[{"@type":"WebPage","@id":"https:\/\/spanishbusinesscoach.com\/en\/aviso-legal\/","url":"https:\/\/spanishbusinesscoach.com\/en\/aviso-legal\/","name":"Aviso Legal - Spanishbusinesscoach","isPartOf":{"@id":"https:\/\/spanishbusinesscoach.com\/en\/#website"},"datePublished":"2024-07-17T07:44:35+00:00","dateModified":"2024-09-05T06:35:17+00:00","breadcrumb":{"@id":"https:\/\/spanishbusinesscoach.com\/en\/aviso-legal\/#breadcrumb"},"inLanguage":"en-US","potentialAction":[{"@type":"ReadAction","target":["https:\/\/spanishbusinesscoach.com\/en\/aviso-legal\/"]}]},{"@type":"BreadcrumbList","@id":"https:\/\/spanishbusinesscoach.com\/en\/aviso-legal\/#breadcrumb","itemListElement":[{"@type":"ListItem","position":1,"name":"Portada","item":"https:\/\/spanishbusinesscoach.com\/en\/"},{"@type":"ListItem","position":2,"name":"Aviso Legal"}]},{"@type":"WebSite","@id":"https:\/\/spanishbusinesscoach.com\/en\/#website","url":"https:\/\/spanishbusinesscoach.com\/en\/","name":"Spanishbusinesscoach","description":"Spanishbusinesscoach","publisher":{"@id":"https:\/\/spanishbusinesscoach.com\/en\/#\/schema\/person\/0a47ea10ec6ac1a282d02eaeedff3c82"},"potentialAction":[{"@type":"SearchAction","target":{"@type":"EntryPoint","urlTemplate":"https:\/\/spanishbusinesscoach.com\/en\/?s={search_term_string}"},"query-input":{"@type":"PropertyValueSpecification","valueRequired":true,"valueName":"search_term_string"}}],"inLanguage":"en-US"},{"@type":["Person","Organization"],"@id":"https:\/\/spanishbusinesscoach.com\/en\/#\/schema\/person\/0a47ea10ec6ac1a282d02eaeedff3c82","name":"Isabel Rodriguez","image":{"@type":"ImageObject","inLanguage":"en-US","@id":"https:\/\/spanishbusinesscoach.com\/en\/#\/schema\/person\/image\/","url":"https:\/\/spanishbusinesscoach.com\/wp-content\/uploads\/2024\/09\/LOGO-WEB-HEADER-1.png","contentUrl":"https:\/\/spanishbusinesscoach.com\/wp-content\/uploads\/2024\/09\/LOGO-WEB-HEADER-1.png","width":1587,"height":842,"caption":"Isabel Rodriguez"},"logo":{"@id":"https:\/\/spanishbusinesscoach.com\/en\/#\/schema\/person\/image\/"}}]}},"_links":{"self":[{"href":"https:\/\/spanishbusinesscoach.com\/en\/wp-json\/wp\/v2\/pages\/374","targetHints":{"allow":["GET"]}}],"collection":[{"href":"https:\/\/spanishbusinesscoach.com\/en\/wp-json\/wp\/v2\/pages"}],"about":[{"href":"https:\/\/spanishbusinesscoach.com\/en\/wp-json\/wp\/v2\/types\/page"}],"author":[{"embeddable":true,"href":"https:\/\/spanishbusinesscoach.com\/en\/wp-json\/wp\/v2\/users\/1"}],"replies":[{"embeddable":true,"href":"https:\/\/spanishbusinesscoach.com\/en\/wp-json\/wp\/v2\/comments?post=374"}],"version-history":[{"count":2,"href":"https:\/\/spanishbusinesscoach.com\/en\/wp-json\/wp\/v2\/pages\/374\/revisions"}],"predecessor-version":[{"id":489,"href":"https:\/\/spanishbusinesscoach.com\/en\/wp-json\/wp\/v2\/pages\/374\/revisions\/489"}],"wp:attachment":[{"href":"https:\/\/spanishbusinesscoach.com\/en\/wp-json\/wp\/v2\/media?parent=374"}],"curies":[{"name":"wp","href":"https:\/\/api.w.org\/{rel}","templated":true}]}}